{"id":8089,"date":"2025-03-24T11:05:59","date_gmt":"2025-03-24T04:05:59","guid":{"rendered":"https:\/\/lfiduras.com\/?page_id=8089"},"modified":"2025-03-24T11:36:29","modified_gmt":"2025-03-24T04:36:29","slug":"business-club","status":"publish","type":"page","link":"https:\/\/lfiduras.com\/index.php\/business-club\/","title":{"rendered":"Business Club"},"content":{"rendered":"\n<p><strong>Digital Enterprise : Votre Tremplin vers l\u2019Innovation et le Succ\u00e8s<\/strong><\/p>\n\n\n\n<p>Guid\u00e9 par Nicolas BUI et Nhien Nguyen, Digital Enterprise vous ouvre les portes d\u2019un Business Club exclusif \u00e0 LFI Duras. Rejoignez-nous pour transformer vos id\u00e9es en r\u00e9alit\u00e9 gr\u00e2ce \u00e0 des programmes sur-mesure, un mentorat pr\u00e9cieux et un r\u00e9seautage de haut niveau.<\/p>\n\n\n\n<figure class=\"wp-block-gallery has-nested-images columns-default is-cropped wp-block-gallery-1 is-layout-flex wp-block-gallery-is-layout-flex\">\n<figure data-wp-context=\"{&quot;imageId&quot;:&quot;69d6cc66501f9&quot;}\" data-wp-interactive=\"core\/image\" class=\"wp-block-image size-large wp-lightbox-container\"><img fetchpriority=\"high\" decoding=\"async\" width=\"823\" height=\"611\" data-wp-class--hide=\"state.isContentHidden\" data-wp-class--show=\"state.isContentVisible\" data-wp-init=\"callbacks.setButtonStyles\" data-wp-on-async--click=\"actions.showLightbox\" data-wp-on-async--load=\"callbacks.setButtonStyles\" data-wp-on-async-window--resize=\"callbacks.setButtonStyles\" data-id=\"8092\" src=\"https:\/\/lfiduras.com\/lfiduras\/wp-content\/uploads\/2025\/03\/1-1.png\" alt=\"\" class=\"wp-image-8092\" srcset=\"https:\/\/lfiduras.com\/lfiduras\/wp-content\/uploads\/2025\/03\/1-1.png 823w, https:\/\/lfiduras.com\/lfiduras\/wp-content\/uploads\/2025\/03\/1-1-300x223.png 300w, https:\/\/lfiduras.com\/lfiduras\/wp-content\/uploads\/2025\/03\/1-1-768x570.png 768w\" sizes=\"(max-width: 823px) 100vw, 823px\" \/><button\n\t\t\tclass=\"lightbox-trigger\"\n\t\t\ttype=\"button\"\n\t\t\taria-haspopup=\"dialog\"\n\t\t\taria-label=\"Agrandir\"\n\t\t\tdata-wp-init=\"callbacks.initTriggerButton\"\n\t\t\tdata-wp-on-async--click=\"actions.showLightbox\"\n\t\t\tdata-wp-style--right=\"state.imageButtonRight\"\n\t\t\tdata-wp-style--top=\"state.imageButtonTop\"\n\t\t>\n\t\t\t<svg xmlns=\"http:\/\/www.w3.org\/2000\/svg\" width=\"12\" height=\"12\" fill=\"none\" viewBox=\"0 0 12 12\">\n\t\t\t\t<path fill=\"#fff\" d=\"M2 0a2 2 0 0 0-2 2v2h1.5V2a.5.5 0 0 1 .5-.5h2V0H2Zm2 10.5H2a.5.5 0 0 1-.5-.5V8H0v2a2 2 0 0 0 2 2h2v-1.5ZM8 12v-1.5h2a.5.5 0 0 0 .5-.5V8H12v2a2 2 0 0 1-2 2H8Zm2-12a2 2 0 0 1 2 2v2h-1.5V2a.5.5 0 0 0-.5-.5H8V0h2Z\" \/>\n\t\t\t<\/svg>\n\t\t<\/button><\/figure>\n\n\n\n<figure data-wp-context=\"{&quot;imageId&quot;:&quot;69d6cc665060c&quot;}\" data-wp-interactive=\"core\/image\" class=\"wp-block-image size-large wp-lightbox-container\"><img decoding=\"async\" width=\"1024\" height=\"1024\" data-wp-class--hide=\"state.isContentHidden\" data-wp-class--show=\"state.isContentVisible\" data-wp-init=\"callbacks.setButtonStyles\" data-wp-on-async--click=\"actions.showLightbox\" data-wp-on-async--load=\"callbacks.setButtonStyles\" data-wp-on-async-window--resize=\"callbacks.setButtonStyles\" data-id=\"8093\" src=\"https:\/\/lfiduras.com\/lfiduras\/wp-content\/uploads\/2025\/03\/2-1-1024x1024.png\" alt=\"\" class=\"wp-image-8093\" srcset=\"https:\/\/lfiduras.com\/lfiduras\/wp-content\/uploads\/2025\/03\/2-1-1024x1024.png 1024w, https:\/\/lfiduras.com\/lfiduras\/wp-content\/uploads\/2025\/03\/2-1-300x300.png 300w, https:\/\/lfiduras.com\/lfiduras\/wp-content\/uploads\/2025\/03\/2-1-150x150.png 150w, https:\/\/lfiduras.com\/lfiduras\/wp-content\/uploads\/2025\/03\/2-1-768x768.png 768w, https:\/\/lfiduras.com\/lfiduras\/wp-content\/uploads\/2025\/03\/2-1.png 1280w\" sizes=\"(max-width: 1024px) 100vw, 1024px\" \/><button\n\t\t\tclass=\"lightbox-trigger\"\n\t\t\ttype=\"button\"\n\t\t\taria-haspopup=\"dialog\"\n\t\t\taria-label=\"Agrandir\"\n\t\t\tdata-wp-init=\"callbacks.initTriggerButton\"\n\t\t\tdata-wp-on-async--click=\"actions.showLightbox\"\n\t\t\tdata-wp-style--right=\"state.imageButtonRight\"\n\t\t\tdata-wp-style--top=\"state.imageButtonTop\"\n\t\t>\n\t\t\t<svg xmlns=\"http:\/\/www.w3.org\/2000\/svg\" width=\"12\" height=\"12\" fill=\"none\" viewBox=\"0 0 12 12\">\n\t\t\t\t<path fill=\"#fff\" d=\"M2 0a2 2 0 0 0-2 2v2h1.5V2a.5.5 0 0 1 .5-.5h2V0H2Zm2 10.5H2a.5.5 0 0 1-.5-.5V8H0v2a2 2 0 0 0 2 2h2v-1.5ZM8 12v-1.5h2a.5.5 0 0 0 .5-.5V8H12v2a2 2 0 0 1-2 2H8Zm2-12a2 2 0 0 1 2 2v2h-1.5V2a.5.5 0 0 0-.5-.5H8V0h2Z\" \/>\n\t\t\t<\/svg>\n\t\t<\/button><\/figure>\n\n\n\n<figure data-wp-context=\"{&quot;imageId&quot;:&quot;69d6cc66509bd&quot;}\" data-wp-interactive=\"core\/image\" class=\"wp-block-image size-large wp-lightbox-container\"><img decoding=\"async\" width=\"1024\" height=\"1024\" data-wp-class--hide=\"state.isContentHidden\" data-wp-class--show=\"state.isContentVisible\" data-wp-init=\"callbacks.setButtonStyles\" data-wp-on-async--click=\"actions.showLightbox\" data-wp-on-async--load=\"callbacks.setButtonStyles\" data-wp-on-async-window--resize=\"callbacks.setButtonStyles\" data-id=\"8094\" src=\"https:\/\/lfiduras.com\/lfiduras\/wp-content\/uploads\/2025\/03\/3-1024x1024.jpg\" alt=\"\" class=\"wp-image-8094\" srcset=\"https:\/\/lfiduras.com\/lfiduras\/wp-content\/uploads\/2025\/03\/3-1024x1024.jpg 1024w, https:\/\/lfiduras.com\/lfiduras\/wp-content\/uploads\/2025\/03\/3-300x300.jpg 300w, https:\/\/lfiduras.com\/lfiduras\/wp-content\/uploads\/2025\/03\/3-150x150.jpg 150w, https:\/\/lfiduras.com\/lfiduras\/wp-content\/uploads\/2025\/03\/3-768x768.jpg 768w, https:\/\/lfiduras.com\/lfiduras\/wp-content\/uploads\/2025\/03\/3.jpg 1080w\" sizes=\"(max-width: 1024px) 100vw, 1024px\" \/><button\n\t\t\tclass=\"lightbox-trigger\"\n\t\t\ttype=\"button\"\n\t\t\taria-haspopup=\"dialog\"\n\t\t\taria-label=\"Agrandir\"\n\t\t\tdata-wp-init=\"callbacks.initTriggerButton\"\n\t\t\tdata-wp-on-async--click=\"actions.showLightbox\"\n\t\t\tdata-wp-style--right=\"state.imageButtonRight\"\n\t\t\tdata-wp-style--top=\"state.imageButtonTop\"\n\t\t>\n\t\t\t<svg xmlns=\"http:\/\/www.w3.org\/2000\/svg\" width=\"12\" height=\"12\" fill=\"none\" viewBox=\"0 0 12 12\">\n\t\t\t\t<path fill=\"#fff\" d=\"M2 0a2 2 0 0 0-2 2v2h1.5V2a.5.5 0 0 1 .5-.5h2V0H2Zm2 10.5H2a.5.5 0 0 1-.5-.5V8H0v2a2 2 0 0 0 2 2h2v-1.5ZM8 12v-1.5h2a.5.5 0 0 0 .5-.5V8H12v2a2 2 0 0 1-2 2H8Zm2-12a2 2 0 0 1 2 2v2h-1.5V2a.5.5 0 0 0-.5-.5H8V0h2Z\" \/>\n\t\t\t<\/svg>\n\t\t<\/button><\/figure>\n<\/figure>\n\n\n\n<p><\/p>\n\n\n\n<p><strong>Ce que nous vous offrons :<\/strong><\/p>\n\n\n\n<ul class=\"wp-block-list\">\n<li><strong>Acc\u00e8s \u00e0 un r\u00e9seau exceptionnel :<\/strong> Connectez-vous avec des alumni de Harvard comme Stephen Turban (PhD \u00e0 Harvard), des laur\u00e9ats Forbes 30 Under 30 tels que Philip An, ainsi que des investisseurs renomm\u00e9s comme M. Johan Nyvene (Dragon Capital) et Mme Thao Nguyen (CEO de TVS). \u00c9changez \u00e9galement avec les meilleures \u00e9coles au Vietnam (SSIS, BIS, CIS, ISHCMC, AIS, etc.), pour partager exp\u00e9riences acad\u00e9miques et conseils en commerce.<br><\/li>\n\n\n\n<li><strong>Programmes et mentorat exclusifs :<\/strong> B\u00e9n\u00e9ficiez d\u2019opportunit\u00e9s soigneusement s\u00e9lectionn\u00e9es et de l\u2019expertise de professionnels pour booster votre innovation et votre d\u00e9veloppement professionnel.<br><\/li>\n\n\n\n<li><strong>D\u00e9fis concrets et valorisants :<\/strong> Participez \u00e0 trois tours \u00e9liminatoires en \u00e9laborant un business plan, une strat\u00e9gie marketing et une vid\u00e9o de pr\u00e9sentation qui met en avant votre vision. Ces exp\u00e9riences pratiques enrichiront vos connaissances en SES, tout en renfor\u00e7ant votre CV.<br><\/li>\n\n\n\n<li><strong>Rencontres prestigieuses et pr\u00e9paration pour l\u2019avenir :<\/strong> \u00c9changez avec des juges issus d\u2019\u00e9tablissements de renom (Harvard, Ivy League) et pr\u00e9parez-vous \u00e0 vivre l\u2019exp\u00e9rience exaltante du Grand Final. De nombreux laur\u00e9ats de notre comp\u00e9tition int\u00e8grent par la suite des institutions prestigieuses telles que Wharton, McGill, ESCP, etc.<br><\/li>\n\n\n\n<li><strong>Avantages exclusifs pour les membres :<\/strong> Nos r\u00e9unions ont lieu tous les mardis en salle S105 (SES), (priorit\u00e9 \u00e0 la cantine pour nos membres).<\/li>\n<\/ul>\n\n\n\n<figure class=\"wp-block-gallery has-nested-images columns-default is-cropped wp-block-gallery-2 is-layout-flex wp-block-gallery-is-layout-flex\">\n<figure data-wp-context=\"{&quot;imageId&quot;:&quot;69d6cc665146b&quot;}\" data-wp-interactive=\"core\/image\" class=\"wp-block-image size-large wp-lightbox-container\"><img loading=\"lazy\" decoding=\"async\" width=\"1024\" height=\"968\" data-wp-class--hide=\"state.isContentHidden\" data-wp-class--show=\"state.isContentVisible\" data-wp-init=\"callbacks.setButtonStyles\" data-wp-on-async--click=\"actions.showLightbox\" data-wp-on-async--load=\"callbacks.setButtonStyles\" data-wp-on-async-window--resize=\"callbacks.setButtonStyles\" data-id=\"8095\" src=\"https:\/\/lfiduras.com\/lfiduras\/wp-content\/uploads\/2025\/03\/4-1024x968.jpg\" alt=\"\" class=\"wp-image-8095\" srcset=\"https:\/\/lfiduras.com\/lfiduras\/wp-content\/uploads\/2025\/03\/4-1024x968.jpg 1024w, https:\/\/lfiduras.com\/lfiduras\/wp-content\/uploads\/2025\/03\/4-300x284.jpg 300w, https:\/\/lfiduras.com\/lfiduras\/wp-content\/uploads\/2025\/03\/4-768x726.jpg 768w, https:\/\/lfiduras.com\/lfiduras\/wp-content\/uploads\/2025\/03\/4-1536x1453.jpg 1536w, https:\/\/lfiduras.com\/lfiduras\/wp-content\/uploads\/2025\/03\/4-2048x1937.jpg 2048w\" sizes=\"(max-width: 1024px) 100vw, 1024px\" \/><button\n\t\t\tclass=\"lightbox-trigger\"\n\t\t\ttype=\"button\"\n\t\t\taria-haspopup=\"dialog\"\n\t\t\taria-label=\"Agrandir\"\n\t\t\tdata-wp-init=\"callbacks.initTriggerButton\"\n\t\t\tdata-wp-on-async--click=\"actions.showLightbox\"\n\t\t\tdata-wp-style--right=\"state.imageButtonRight\"\n\t\t\tdata-wp-style--top=\"state.imageButtonTop\"\n\t\t>\n\t\t\t<svg xmlns=\"http:\/\/www.w3.org\/2000\/svg\" width=\"12\" height=\"12\" fill=\"none\" viewBox=\"0 0 12 12\">\n\t\t\t\t<path fill=\"#fff\" d=\"M2 0a2 2 0 0 0-2 2v2h1.5V2a.5.5 0 0 1 .5-.5h2V0H2Zm2 10.5H2a.5.5 0 0 1-.5-.5V8H0v2a2 2 0 0 0 2 2h2v-1.5ZM8 12v-1.5h2a.5.5 0 0 0 .5-.5V8H12v2a2 2 0 0 1-2 2H8Zm2-12a2 2 0 0 1 2 2v2h-1.5V2a.5.5 0 0 0-.5-.5H8V0h2Z\" \/>\n\t\t\t<\/svg>\n\t\t<\/button><\/figure>\n\n\n\n<figure data-wp-context=\"{&quot;imageId&quot;:&quot;69d6cc66517f6&quot;}\" data-wp-interactive=\"core\/image\" class=\"wp-block-image size-large wp-lightbox-container\"><img loading=\"lazy\" decoding=\"async\" width=\"1024\" height=\"1024\" data-wp-class--hide=\"state.isContentHidden\" data-wp-class--show=\"state.isContentVisible\" data-wp-init=\"callbacks.setButtonStyles\" data-wp-on-async--click=\"actions.showLightbox\" data-wp-on-async--load=\"callbacks.setButtonStyles\" data-wp-on-async-window--resize=\"callbacks.setButtonStyles\" data-id=\"8096\" src=\"https:\/\/lfiduras.com\/lfiduras\/wp-content\/uploads\/2025\/03\/5-1024x1024.png\" alt=\"\" class=\"wp-image-8096\" srcset=\"https:\/\/lfiduras.com\/lfiduras\/wp-content\/uploads\/2025\/03\/5-1024x1024.png 1024w, https:\/\/lfiduras.com\/lfiduras\/wp-content\/uploads\/2025\/03\/5-300x300.png 300w, https:\/\/lfiduras.com\/lfiduras\/wp-content\/uploads\/2025\/03\/5-150x150.png 150w, https:\/\/lfiduras.com\/lfiduras\/wp-content\/uploads\/2025\/03\/5-768x768.png 768w, https:\/\/lfiduras.com\/lfiduras\/wp-content\/uploads\/2025\/03\/5.png 1280w\" sizes=\"(max-width: 1024px) 100vw, 1024px\" \/><button\n\t\t\tclass=\"lightbox-trigger\"\n\t\t\ttype=\"button\"\n\t\t\taria-haspopup=\"dialog\"\n\t\t\taria-label=\"Agrandir\"\n\t\t\tdata-wp-init=\"callbacks.initTriggerButton\"\n\t\t\tdata-wp-on-async--click=\"actions.showLightbox\"\n\t\t\tdata-wp-style--right=\"state.imageButtonRight\"\n\t\t\tdata-wp-style--top=\"state.imageButtonTop\"\n\t\t>\n\t\t\t<svg xmlns=\"http:\/\/www.w3.org\/2000\/svg\" width=\"12\" height=\"12\" fill=\"none\" viewBox=\"0 0 12 12\">\n\t\t\t\t<path fill=\"#fff\" d=\"M2 0a2 2 0 0 0-2 2v2h1.5V2a.5.5 0 0 1 .5-.5h2V0H2Zm2 10.5H2a.5.5 0 0 1-.5-.5V8H0v2a2 2 0 0 0 2 2h2v-1.5ZM8 12v-1.5h2a.5.5 0 0 0 .5-.5V8H12v2a2 2 0 0 1-2 2H8Zm2-12a2 2 0 0 1 2 2v2h-1.5V2a.5.5 0 0 0-.5-.5H8V0h2Z\" \/>\n\t\t\t<\/svg>\n\t\t<\/button><\/figure>\n\n\n\n<figure data-wp-context=\"{&quot;imageId&quot;:&quot;69d6cc6651b79&quot;}\" data-wp-interactive=\"core\/image\" class=\"wp-block-image size-large wp-lightbox-container\"><img loading=\"lazy\" decoding=\"async\" width=\"1024\" height=\"1024\" data-wp-class--hide=\"state.isContentHidden\" data-wp-class--show=\"state.isContentVisible\" data-wp-init=\"callbacks.setButtonStyles\" data-wp-on-async--click=\"actions.showLightbox\" data-wp-on-async--load=\"callbacks.setButtonStyles\" data-wp-on-async-window--resize=\"callbacks.setButtonStyles\" data-id=\"8097\" src=\"https:\/\/lfiduras.com\/lfiduras\/wp-content\/uploads\/2025\/03\/6-1024x1024.png\" alt=\"\" class=\"wp-image-8097\" srcset=\"https:\/\/lfiduras.com\/lfiduras\/wp-content\/uploads\/2025\/03\/6-1024x1024.png 1024w, https:\/\/lfiduras.com\/lfiduras\/wp-content\/uploads\/2025\/03\/6-300x300.png 300w, https:\/\/lfiduras.com\/lfiduras\/wp-content\/uploads\/2025\/03\/6-150x150.png 150w, https:\/\/lfiduras.com\/lfiduras\/wp-content\/uploads\/2025\/03\/6-768x768.png 768w, https:\/\/lfiduras.com\/lfiduras\/wp-content\/uploads\/2025\/03\/6.png 1280w\" sizes=\"(max-width: 1024px) 100vw, 1024px\" \/><button\n\t\t\tclass=\"lightbox-trigger\"\n\t\t\ttype=\"button\"\n\t\t\taria-haspopup=\"dialog\"\n\t\t\taria-label=\"Agrandir\"\n\t\t\tdata-wp-init=\"callbacks.initTriggerButton\"\n\t\t\tdata-wp-on-async--click=\"actions.showLightbox\"\n\t\t\tdata-wp-style--right=\"state.imageButtonRight\"\n\t\t\tdata-wp-style--top=\"state.imageButtonTop\"\n\t\t>\n\t\t\t<svg xmlns=\"http:\/\/www.w3.org\/2000\/svg\" width=\"12\" height=\"12\" fill=\"none\" viewBox=\"0 0 12 12\">\n\t\t\t\t<path fill=\"#fff\" d=\"M2 0a2 2 0 0 0-2 2v2h1.5V2a.5.5 0 0 1 .5-.5h2V0H2Zm2 10.5H2a.5.5 0 0 1-.5-.5V8H0v2a2 2 0 0 0 2 2h2v-1.5ZM8 12v-1.5h2a.5.5 0 0 0 .5-.5V8H12v2a2 2 0 0 1-2 2H8Zm2-12a2 2 0 0 1 2 2v2h-1.5V2a.5.5 0 0 0-.5-.5H8V0h2Z\" \/>\n\t\t\t<\/svg>\n\t\t<\/button><\/figure>\n<\/figure>\n\n\n\n<p><\/p>\n\n\n\n<p>Digital Enterprise collabore avec d\u2019autres grandes organisations et rassemble un vaste r\u00e9seau d\u2019\u00e9coles partenaires, notamment BIS, ISCHMC, SSIS et PTNK au Vietnam. Vous aurez ainsi l\u2019opportunit\u00e9 de rencontrer des experts comme Johan Nyvene, Phillip An et Stephen Turban, qui partageront leurs insights concrets sur le commerce et l\u2019entrepreneuriat.<\/p>\n\n\n\n<figure data-wp-context=\"{&quot;imageId&quot;:&quot;69d6cc6652001&quot;}\" data-wp-interactive=\"core\/image\" class=\"wp-block-image size-full wp-lightbox-container\"><img loading=\"lazy\" decoding=\"async\" width=\"849\" height=\"637\" data-wp-class--hide=\"state.isContentHidden\" data-wp-class--show=\"state.isContentVisible\" data-wp-init=\"callbacks.setButtonStyles\" data-wp-on-async--click=\"actions.showLightbox\" data-wp-on-async--load=\"callbacks.setButtonStyles\" data-wp-on-async-window--resize=\"callbacks.setButtonStyles\" src=\"https:\/\/lfiduras.com\/lfiduras\/wp-content\/uploads\/2025\/03\/7.png\" alt=\"\" class=\"wp-image-8098\" srcset=\"https:\/\/lfiduras.com\/lfiduras\/wp-content\/uploads\/2025\/03\/7.png 849w, https:\/\/lfiduras.com\/lfiduras\/wp-content\/uploads\/2025\/03\/7-300x225.png 300w, https:\/\/lfiduras.com\/lfiduras\/wp-content\/uploads\/2025\/03\/7-768x576.png 768w\" sizes=\"(max-width: 849px) 100vw, 849px\" \/><button\n\t\t\tclass=\"lightbox-trigger\"\n\t\t\ttype=\"button\"\n\t\t\taria-haspopup=\"dialog\"\n\t\t\taria-label=\"Agrandir\"\n\t\t\tdata-wp-init=\"callbacks.initTriggerButton\"\n\t\t\tdata-wp-on-async--click=\"actions.showLightbox\"\n\t\t\tdata-wp-style--right=\"state.imageButtonRight\"\n\t\t\tdata-wp-style--top=\"state.imageButtonTop\"\n\t\t>\n\t\t\t<svg xmlns=\"http:\/\/www.w3.org\/2000\/svg\" width=\"12\" height=\"12\" fill=\"none\" viewBox=\"0 0 12 12\">\n\t\t\t\t<path fill=\"#fff\" d=\"M2 0a2 2 0 0 0-2 2v2h1.5V2a.5.5 0 0 1 .5-.5h2V0H2Zm2 10.5H2a.5.5 0 0 1-.5-.5V8H0v2a2 2 0 0 0 2 2h2v-1.5ZM8 12v-1.5h2a.5.5 0 0 0 .5-.5V8H12v2a2 2 0 0 1-2 2H8Zm2-12a2 2 0 0 1 2 2v2h-1.5V2a.5.5 0 0 0-.5-.5H8V0h2Z\" \/>\n\t\t\t<\/svg>\n\t\t<\/button><\/figure>\n\n\n\n<p><\/p>\n\n\n\n<p><strong>Rejoignez Digital Enterprise d\u00e8s aujourd\u2019hui et transformez votre concept en une startup florissante. Prenez votre place parmi la prochaine g\u00e9n\u00e9ration d\u2019innovateurs et faites de votre avenir un succ\u00e8s retentissant !<\/strong><\/p>\n\n\n\n<p>Compte Instagram de Digital Enterprise: <a href=\"https:\/\/www.instagram.com\/de_lfiduras\/?hl=en\">https:\/\/www.instagram.com\/de_lfiduras\/<\/a><\/p>\n","protected":false},"excerpt":{"rendered":"<p>Digital Enterprise : Votre Tremplin vers l\u2019Innovation et le Succ\u00e8s Guid\u00e9 par Nicolas BUI et Nhien Nguyen, Digital Enterprise vous ouvre les portes d\u2019un Business Club exclusif \u00e0 LFI Duras. Rejoignez-nous pour transformer vos id\u00e9es en r\u00e9alit\u00e9 gr\u00e2ce \u00e0 des programmes sur-mesure, un mentorat pr\u00e9cieux et un r\u00e9seautage de haut niveau. Ce que nous vous [&hellip;]<\/p>\n","protected":false},"author":2,"featured_media":0,"parent":0,"menu_order":0,"comment_status":"closed","ping_status":"closed","template":"","meta":{"footnotes":""},"class_list":["post-8089","page","type-page","status-publish","hentry","post"],"_links":{"self":[{"href":"https:\/\/lfiduras.com\/index.php\/wp-json\/wp\/v2\/pages\/8089","targetHints":{"allow":["GET"]}}],"collection":[{"href":"https:\/\/lfiduras.com\/index.php\/wp-json\/wp\/v2\/pages"}],"about":[{"href":"https:\/\/lfiduras.com\/index.php\/wp-json\/wp\/v2\/types\/page"}],"author":[{"embeddable":true,"href":"https:\/\/lfiduras.com\/index.php\/wp-json\/wp\/v2\/users\/2"}],"replies":[{"embeddable":true,"href":"https:\/\/lfiduras.com\/index.php\/wp-json\/wp\/v2\/comments?post=8089"}],"version-history":[{"count":3,"href":"https:\/\/lfiduras.com\/index.php\/wp-json\/wp\/v2\/pages\/8089\/revisions"}],"predecessor-version":[{"id":8101,"href":"https:\/\/lfiduras.com\/index.php\/wp-json\/wp\/v2\/pages\/8089\/revisions\/8101"}],"wp:attachment":[{"href":"https:\/\/lfiduras.com\/index.php\/wp-json\/wp\/v2\/media?parent=8089"}],"curies":[{"name":"wp","href":"https:\/\/api.w.org\/{rel}","templated":true}]}}