{"id":8970,"date":"2025-11-18T16:40:54","date_gmt":"2025-11-18T09:40:54","guid":{"rendered":"https:\/\/lfiduras.com\/?page_id=8970"},"modified":"2025-11-18T16:40:54","modified_gmt":"2025-11-18T09:40:54","slug":"plan-annuel-deducation-a-lorientation","status":"publish","type":"page","link":"https:\/\/lfiduras.com\/index.php\/plan-annuel-deducation-a-lorientation\/","title":{"rendered":"Plan annuel d&#8217;\u00e9ducation \u00e0 l&#8217;orientation"},"content":{"rendered":"\n<p>Vous trouverez ci-apr\u00e8s le plan annuel d&#8217;\u00e9ducation \u00e0 l&#8217;orientation 2025-2026. <\/p>\n\n\n\n<div class=\"wp-block-buttons is-layout-flex wp-block-buttons-is-layout-flex\">\n<div class=\"wp-block-button\"><a class=\"wp-block-button__link wp-element-button\" href=\"https:\/\/lfiduras.com\/lfiduras\/wp-content\/uploads\/2025\/11\/Plan-annuel-dorientation-2025-2026-Ho-Chi-minh-au-18-nov.pdf\" target=\"_blank\" rel=\"noreferrer noopener\">Plan annuel d&#8217;\u00e9ducation \u00e0 l&#8217;orientation 2025-2026<\/a><\/div>\n<\/div>\n\n\n\n<p><\/p>\n","protected":false},"excerpt":{"rendered":"<p>Vous trouverez ci-apr\u00e8s le plan annuel d&#8217;\u00e9ducation \u00e0 l&#8217;orientation 2025-2026.<\/p>\n","protected":false},"author":2,"featured_media":0,"parent":0,"menu_order":0,"comment_status":"closed","ping_status":"closed","template":"","meta":{"footnotes":""},"class_list":["post-8970","page","type-page","status-publish","hentry","post"],"_links":{"self":[{"href":"https:\/\/lfiduras.com\/index.php\/wp-json\/wp\/v2\/pages\/8970","targetHints":{"allow":["GET"]}}],"collection":[{"href":"https:\/\/lfiduras.com\/index.php\/wp-json\/wp\/v2\/pages"}],"about":[{"href":"https:\/\/lfiduras.com\/index.php\/wp-json\/wp\/v2\/types\/page"}],"author":[{"embeddable":true,"href":"https:\/\/lfiduras.com\/index.php\/wp-json\/wp\/v2\/users\/2"}],"replies":[{"embeddable":true,"href":"https:\/\/lfiduras.com\/index.php\/wp-json\/wp\/v2\/comments?post=8970"}],"version-history":[{"count":1,"href":"https:\/\/lfiduras.com\/index.php\/wp-json\/wp\/v2\/pages\/8970\/revisions"}],"predecessor-version":[{"id":8973,"href":"https:\/\/lfiduras.com\/index.php\/wp-json\/wp\/v2\/pages\/8970\/revisions\/8973"}],"wp:attachment":[{"href":"https:\/\/lfiduras.com\/index.php\/wp-json\/wp\/v2\/media?parent=8970"}],"curies":[{"name":"wp","href":"https:\/\/api.w.org\/{rel}","templated":true}]}}